{"id":8,"date":"2017-02-07T15:05:55","date_gmt":"2017-02-07T15:05:55","guid":{"rendered":"http:\/\/themenectar.com\/demo\/salient-startup\/?page_id=8"},"modified":"2024-01-05T14:57:19","modified_gmt":"2024-01-05T14:57:19","slug":"contacto","status":"publish","type":"page","link":"https:\/\/aquataide.es\/en\/contacto","title":{"rendered":"Contacto"},"content":{"rendered":"<div id=\"fws_69e7cc3fb7119\"  data-column-margin=\"default\" data-midnight=\"dark\" data-top-percent=\"2%\"  class=\"wpb_row vc_row-fluid vc_row full-width-section  zindex-set\"  style=\"padding-top: calc(100vw * 0.02); padding-bottom: 0px;  z-index: 100;\"><div class=\"row-bg-wrap\" data-bg-animation=\"none\" data-bg-animation-delay=\"\" data-bg-overlay=\"true\"><div class=\"inner-wrap row-bg-layer using-image\" ><div class=\"row-bg viewport-desktop using-image\"  style=\"background-image: url(https:\/\/aquataide.es\/wp-content\/uploads\/2023\/12\/empresa.jpg); background-position: center center; background-repeat: no-repeat; \"><\/div><\/div><div class=\"row-bg-overlay row-bg-layer\" style=\"background: rgba(49,174,160,0.93); background: linear-gradient(135deg,rgba(49,174,160,0.93) 0%,rgba(193,193,193,0.92) 100%);  opacity: 0.5; \"><\/div><\/div><div class=\"row_col_wrap_12 col span_12 dark left\">\n\t<div  class=\"vc_col-sm-2 wpb_column column_container vc_column_container col no-extra-padding inherit_tablet inherit_phone\"  data-padding-pos=\"all\" data-has-bg-color=\"false\" data-bg-color=\"\" data-bg-opacity=\"1\" data-animation=\"\" data-delay=\"0\" >\n\t\t<div class=\"vc_column-inner\" >\n\t\t\t<div class=\"wpb_wrapper\">\n\t\t\t\t\n\t\t\t<\/div> \n\t\t<\/div>\n\t<\/div> \n\n\t<div  class=\"vc_col-sm-8 wpb_column column_container vc_column_container col no-extra-padding inherit_tablet inherit_phone\"  data-padding-pos=\"all\" data-has-bg-color=\"false\" data-bg-color=\"\" data-bg-opacity=\"1\" data-animation=\"\" data-delay=\"0\" >\n\t\t<div class=\"vc_column-inner\" >\n\t\t\t<div class=\"wpb_wrapper\">\n\t\t\t\t<div id=\"fws_69e7cc3fb79b3\" data-midnight=\"\" data-column-margin=\"default\" class=\"wpb_row vc_row-fluid vc_row inner_row\"  style=\"padding-top: 4%; padding-bottom: 7%; \"><div class=\"row-bg-wrap\"> <div class=\"row-bg\" ><\/div> <\/div><div class=\"row_col_wrap_12_inner col span_12  left\">\n\t<div style=\" color: #ffffff;\" class=\"vc_col-sm-12 wpb_column column_container vc_column_container col child_column centered-text no-extra-padding inherit_tablet inherit_phone\" data-cfc=\"true\"  data-padding-pos=\"all\" data-has-bg-color=\"false\" data-bg-color=\"\" data-bg-opacity=\"1\" data-animation=\"\" data-delay=\"0\" >\n\t\t<div class=\"vc_column-inner\" >\n\t\t<div class=\"wpb_wrapper\">\n\t\t\t\n<div class=\"wpb_text_column wpb_content_element\" >\n\t<div class=\"wpb_wrapper\">\n\t\t<h5>Contacto Directo<\/h5>\n<h2>\u00bfNos ponemos en contacto?<\/h2>\n\t<\/div>\n<\/div>\n\n\n\n\n\t\t<\/div> \n\t<\/div>\n\t<\/div> \n<\/div><\/div><div id=\"fws_69e7cc3fb7ce0\" data-midnight=\"\" data-column-margin=\"default\" class=\"wpb_row vc_row-fluid vc_row inner_row\"  style=\"\"><div class=\"row-bg-wrap\"> <div class=\"row-bg\" ><\/div> <\/div><div class=\"row_col_wrap_12_inner col span_12  left\">\n\t<div style=\"margin-bottom: 8%; \" class=\"vc_col-sm-12 wpb_column column_container vc_column_container col child_column has-animation padding-6-percent inherit_tablet inherit_phone\"  data-using-bg=\"true\" data-shadow=\"x_large_depth\" data-border-radius=\"10px\" data-padding-pos=\"all\" data-has-bg-color=\"true\" data-bg-color=\"#ffffff\" data-bg-opacity=\"1\" data-animation=\"grow-in\" data-delay=\"0\" >\n\t\t<div class=\"vc_column-inner\" ><div class=\"column-bg-overlay-wrap column-bg-layer\" data-bg-animation=\"none\"><div class=\"column-bg-overlay\" style=\"opacity: 1; background-color: #ffffff;\"><\/div><\/div>\n\t\t<div class=\"wpb_wrapper\">\n\t\t\t\n<div class=\"wpcf7 no-js\" id=\"wpcf7-f6226-o1\" lang=\"es-ES\" dir=\"ltr\">\n<div class=\"screen-reader-response\"><p role=\"status\" aria-live=\"polite\" aria-atomic=\"true\"><\/p> <ul><\/ul><\/div>\n<form action=\"\/en\/wp-json\/wp\/v2\/pages\/8#wpcf7-f6226-o1\" method=\"post\" class=\"wpcf7-form init\" aria-label=\"Formulario de contacto\" novalidate=\"novalidate\" data-status=\"init\" data-trp-original-action=\"\/en\/wp-json\/wp\/v2\/pages\/8#wpcf7-f6226-o1\">\n<div style=\"display: none;\">\n<input type=\"hidden\" name=\"_wpcf7\" value=\"6226\" \/>\n<input type=\"hidden\" name=\"_wpcf7_version\" value=\"5.9.5\" \/>\n<input type=\"hidden\" name=\"_wpcf7_locale\" value=\"es_ES\" \/>\n<input type=\"hidden\" name=\"_wpcf7_unit_tag\" value=\"wpcf7-f6226-o1\" \/>\n<input type=\"hidden\" name=\"_wpcf7_container_post\" value=\"0\" \/>\n<input type=\"hidden\" name=\"_wpcf7_posted_data_hash\" value=\"\" \/>\n<\/div>\n<p><label> Nombre<br \/>\n<span class=\"wpcf7-form-control-wrap\" data-name=\"your-name\"><input size=\"40\" class=\"wpcf7-form-control wpcf7-text wpcf7-validates-as-required\" autocomplete=\"name\" aria-required=\"true\" aria-invalid=\"false\" value=\"\" type=\"text\" name=\"your-name\" \/><\/span> <\/label>\n<\/p>\n<p><label> Correo electr\u00f3nico<br \/>\n<span class=\"wpcf7-form-control-wrap\" data-name=\"your-email\"><input size=\"40\" class=\"wpcf7-form-control wpcf7-email wpcf7-validates-as-required wpcf7-text wpcf7-validates-as-email\" autocomplete=\"email\" aria-required=\"true\" aria-invalid=\"false\" value=\"\" type=\"email\" name=\"your-email\" \/><\/span> <\/label>\n<\/p>\n<p><label> Tel\u00e9fono<br \/>\n<span class=\"wpcf7-form-control-wrap\" data-name=\"tel-21\"><input size=\"40\" class=\"wpcf7-form-control wpcf7-tel wpcf7-validates-as-required wpcf7-text wpcf7-validates-as-tel\" aria-required=\"true\" aria-invalid=\"false\" value=\"\" type=\"tel\" name=\"tel-21\" \/><\/span> <\/label>\n<\/p>\n<p><label> Poblaci\u00f3n<br \/>\n<span class=\"wpcf7-form-control-wrap\" data-name=\"text-144\"><input size=\"40\" class=\"wpcf7-form-control wpcf7-text wpcf7-validates-as-required\" aria-required=\"true\" aria-invalid=\"false\" value=\"\" type=\"text\" name=\"text-144\" \/><\/span> <\/label>\n<\/p>\n<p><label> Asunto<br \/>\n<span class=\"wpcf7-form-control-wrap\" data-name=\"textarea-675\"><textarea cols=\"40\" rows=\"10\" class=\"wpcf7-form-control wpcf7-textarea\" aria-invalid=\"false\" name=\"textarea-675\"><\/textarea><\/span> <\/label>\n<\/p>\n<p><span class=\"wpcf7-form-control-wrap\" data-name=\"acceptance-963\"><span class=\"wpcf7-form-control wpcf7-acceptance\"><span class=\"wpcf7-list-item\"><label><input type=\"checkbox\" name=\"acceptance-963\" value=\"1\" aria-invalid=\"false\" \/><span class=\"wpcf7-list-item-label\">He le\u00eddo y acepto la <a href=\"https:\/\/aquataide.es\/en\/politica-privacidad\/\">Pol\u00edtica de Privacidad<\/a>.<\/span><\/label><\/span><\/span><\/span>\n<\/p>\n<p><input class=\"wpcf7-form-control wpcf7-submit has-spinner\" type=\"submit\" value=\"Enviar\" \/>\n<\/p><div class=\"wpcf7-response-output\" aria-hidden=\"true\"><\/div>\n<input type=\"hidden\" name=\"trp-form-language\" value=\"en\"\/><\/form>\n<\/div>\n\n\t\t<\/div> \n\t<\/div>\n\t<\/div> \n<\/div><\/div>\n\t\t\t<\/div> \n\t\t<\/div>\n\t<\/div> \n\n\t<div  class=\"vc_col-sm-2 wpb_column column_container vc_column_container col no-extra-padding inherit_tablet inherit_phone\"  data-padding-pos=\"all\" data-has-bg-color=\"false\" data-bg-color=\"\" data-bg-opacity=\"1\" data-animation=\"\" data-delay=\"0\" >\n\t\t<div class=\"vc_column-inner\" >\n\t\t\t<div class=\"wpb_wrapper\">\n\t\t\t\t\n\t\t\t<\/div> \n\t\t<\/div>\n\t<\/div> \n<\/div><\/div>\n\t\t<div id=\"fws_69e7cc3fba1a0\"  data-column-margin=\"default\" data-midnight=\"dark\"  class=\"wpb_row vc_row-fluid vc_row full-width-content vc_row-o-equal-height vc_row-flex vc_row-o-content-top\"  style=\"padding-top: 0px; padding-bottom: 0px; \"><div class=\"row-bg-wrap\" data-bg-animation=\"none\" data-bg-animation-delay=\"\" data-bg-overlay=\"false\"><div class=\"inner-wrap row-bg-layer\" ><div class=\"row-bg viewport-desktop using-bg-color\"  style=\"background-color: #ffffff; \"><\/div><\/div><\/div><div class=\"row_col_wrap_12 col span_12 dark left\">\n\t<div  class=\"vc_col-sm-6 wpb_column column_container vc_column_container col no-extra-padding left_margin_0px inherit_tablet inherit_phone\"  data-padding-pos=\"top-bottom\" data-has-bg-color=\"false\" data-bg-color=\"\" data-bg-opacity=\"1\" data-animation=\"\" data-delay=\"0\" >\n\t\t<div class=\"vc_column-inner\" >\n\t\t\t<div class=\"wpb_wrapper\">\n\t\t\t\t\n\t<div class=\"wpb_raw_code wpb_content_element wpb_raw_html\" >\n\t\t<div class=\"wpb_wrapper\">\n\t\t\t<iframe src=\"https:\/\/www.google.com\/maps\/embed?pb=!1m18!1m12!1m3!1d3169.7185503332153!2d-5.98085892413414!3d37.39648777208321!2m3!1f0!2f0!3f0!3m2!1i1024!2i768!4f13.1!3m3!1m2!1s0xd126ea9581b2855%3A0xb7f23064a9a8b3fc!2sAquataide%20S%20L!5e0!3m2!1ses!2ses!4v1701690024086!5m2!1ses!2ses\" width=\"1000\" height=\"500\" style=\"border:0;\" allowfullscreen=\"\" loading=\"lazy\" referrerpolicy=\"no-referrer-when-downgrade\"><\/iframe>\n\t\t<\/div>\n\t<\/div>\n\n\t\t\t<\/div> \n\t\t<\/div>\n\t<\/div> \n\n\t<div  class=\"vc_col-sm-6 wpb_column column_container vc_column_container col left_padding_desktop_7pct top_padding_desktop_6pct right_padding_desktop_7pct bottom_padding_desktop_2pct\"  data-padding-pos=\"all\" data-has-bg-color=\"false\" data-bg-color=\"\" data-bg-opacity=\"1\" data-animation=\"\" data-delay=\"0\" >\n\t\t<div class=\"vc_column-inner\" >\n\t\t\t<div class=\"wpb_wrapper\">\n\t\t\t\t\n<div class=\"wpb_text_column wpb_content_element\" >\n\t<div class=\"wpb_wrapper\">\n\t\t<h3>Encu\u00e9ntranos<\/h3>\n<p>&nbsp;<\/p>\n<h5>Direcci\u00f3n<\/h5>\n<p>Calle San Juan Bosco, n\u00ba26<br \/>\n41008 Sevilla<br \/>\nEspa\u00f1a<\/p>\n<h5><\/h5>\n<h5>Contacto<\/h5>\n<p>954 414 044<br \/>\ninfo@aquataide.com &#8211; administracion@aquataide.com<br \/>\nDe lunes a viernes de 7:30 a 15:00 horas<\/p>\n\t<\/div>\n<\/div>\n\n\n\n\n\t\t\t<\/div> \n\t\t<\/div>\n\t<\/div> \n<\/div><\/div>","protected":false},"excerpt":{"rendered":"Contacto Directo \u00bfNos ponemos en contacto? Nombre Correo electr\u00f3nico Tel\u00e9fono Poblaci\u00f3n Asunto He le\u00eddo y...","protected":false},"author":1,"featured_media":0,"parent":0,"menu_order":0,"comment_status":"closed","ping_status":"closed","template":"","meta":{"footnotes":""},"class_list":["post-8","page","type-page","status-publish"],"yoast_head":"<!-- This site is optimized with the Yoast SEO plugin v22.8 - https:\/\/yoast.com\/wordpress\/plugins\/seo\/ -->\n<title>Contacto - Aquataide<\/title>\n<meta name=\"description\" content=\"Contacta con nosotros para las mejores soluciones en tratamiento dom\u00e9stico e industrial de agua,\" \/>\n<meta name=\"robots\" content=\"index, follow, max-snippet:-1, max-image-preview:large, max-video-preview:-1\" \/>\n<link rel=\"canonical\" href=\"https:\/\/aquataide.es\/en\/contacto\/\" \/>\n<meta property=\"og:locale\" content=\"en_GB\" \/>\n<meta property=\"og:type\" content=\"article\" \/>\n<meta property=\"og:title\" content=\"Contacto - Aquataide\" \/>\n<meta property=\"og:description\" content=\"Contacta con nosotros para las mejores soluciones en tratamiento dom\u00e9stico e industrial de agua,\" \/>\n<meta property=\"og:url\" content=\"https:\/\/aquataide.es\/en\/contacto\/\" \/>\n<meta property=\"og:site_name\" content=\"Aquataide\" \/>\n<meta property=\"article:modified_time\" content=\"2024-01-05T14:57:19+00:00\" \/>\n<meta name=\"twitter:card\" content=\"summary_large_image\" \/>\n<meta name=\"twitter:label1\" content=\"Estimated reading time\" \/>\n\t<meta name=\"twitter:data1\" content=\"2 minutes\" \/>\n<script type=\"application\/ld+json\" class=\"yoast-schema-graph\">{\"@context\":\"https:\/\/schema.org\",\"@graph\":[{\"@type\":\"WebPage\",\"@id\":\"https:\/\/aquataide.es\/contacto\",\"url\":\"https:\/\/aquataide.es\/contacto\",\"name\":\"Contacto - Aquataide\",\"isPartOf\":{\"@id\":\"https:\/\/aquataide.es\/#website\"},\"datePublished\":\"2017-02-07T15:05:55+00:00\",\"dateModified\":\"2024-01-05T14:57:19+00:00\",\"description\":\"Contacta con nosotros para las mejores soluciones en tratamiento dom\u00e9stico e industrial de agua,\",\"breadcrumb\":{\"@id\":\"https:\/\/aquataide.es\/contacto#breadcrumb\"},\"inLanguage\":\"en-GB\",\"potentialAction\":[{\"@type\":\"ReadAction\",\"target\":[\"https:\/\/aquataide.es\/contacto\"]}]},{\"@type\":\"BreadcrumbList\",\"@id\":\"https:\/\/aquataide.es\/contacto#breadcrumb\",\"itemListElement\":[{\"@type\":\"ListItem\",\"position\":1,\"name\":\"Portada\",\"item\":\"https:\/\/aquataide.es\/\"},{\"@type\":\"ListItem\",\"position\":2,\"name\":\"Contacto\"}]},{\"@type\":\"WebSite\",\"@id\":\"https:\/\/aquataide.es\/#website\",\"url\":\"https:\/\/aquataide.es\/\",\"name\":\"Aquataide\",\"description\":\"Tratamientos de agua\",\"publisher\":{\"@id\":\"https:\/\/aquataide.es\/#organization\"},\"potentialAction\":[{\"@type\":\"SearchAction\",\"target\":{\"@type\":\"EntryPoint\",\"urlTemplate\":\"https:\/\/aquataide.es\/?s={search_term_string}\"},\"query-input\":\"required name=search_term_string\"}],\"inLanguage\":\"en-GB\"},{\"@type\":\"Organization\",\"@id\":\"https:\/\/aquataide.es\/#organization\",\"name\":\"Aquataide\",\"url\":\"https:\/\/aquataide.es\/\",\"logo\":{\"@type\":\"ImageObject\",\"inLanguage\":\"en-GB\",\"@id\":\"https:\/\/aquataide.es\/#\/schema\/logo\/image\/\",\"url\":\"http:\/\/aquataide.es\/wp-content\/uploads\/2023\/12\/aquataide-retina-2.png\",\"contentUrl\":\"http:\/\/aquataide.es\/wp-content\/uploads\/2023\/12\/aquataide-retina-2.png\",\"width\":210,\"height\":48,\"caption\":\"Aquataide\"},\"image\":{\"@id\":\"https:\/\/aquataide.es\/#\/schema\/logo\/image\/\"}}]}<\/script>\n<!-- \/ Yoast SEO plugin. -->","yoast_head_json":{"title":"Contacto - Aquataide","description":"Contacta con nosotros para las mejores soluciones en tratamiento dom\u00e9stico e industrial de agua,","robots":{"index":"index","follow":"follow","max-snippet":"max-snippet:-1","max-image-preview":"max-image-preview:large","max-video-preview":"max-video-preview:-1"},"canonical":"https:\/\/aquataide.es\/en\/contacto\/","og_locale":"en_GB","og_type":"article","og_title":"Contacto - Aquataide","og_description":"Contacta con nosotros para las mejores soluciones en tratamiento dom\u00e9stico e industrial de agua,","og_url":"https:\/\/aquataide.es\/en\/contacto\/","og_site_name":"Aquataide","article_modified_time":"2024-01-05T14:57:19+00:00","twitter_card":"summary_large_image","twitter_misc":{"Estimated reading time":"2 minutes"},"schema":{"@context":"https:\/\/schema.org","@graph":[{"@type":"WebPage","@id":"https:\/\/aquataide.es\/contacto","url":"https:\/\/aquataide.es\/contacto","name":"Contacto - Aquataide","isPartOf":{"@id":"https:\/\/aquataide.es\/#website"},"datePublished":"2017-02-07T15:05:55+00:00","dateModified":"2024-01-05T14:57:19+00:00","description":"Contacta con nosotros para las mejores soluciones en tratamiento dom\u00e9stico e industrial de agua,","breadcrumb":{"@id":"https:\/\/aquataide.es\/contacto#breadcrumb"},"inLanguage":"en-GB","potentialAction":[{"@type":"ReadAction","target":["https:\/\/aquataide.es\/contacto"]}]},{"@type":"BreadcrumbList","@id":"https:\/\/aquataide.es\/contacto#breadcrumb","itemListElement":[{"@type":"ListItem","position":1,"name":"Portada","item":"https:\/\/aquataide.es\/"},{"@type":"ListItem","position":2,"name":"Contacto"}]},{"@type":"WebSite","@id":"https:\/\/aquataide.es\/#website","url":"https:\/\/aquataide.es\/","name":"Aquataide","description":"Tratamientos de agua","publisher":{"@id":"https:\/\/aquataide.es\/#organization"},"potentialAction":[{"@type":"SearchAction","target":{"@type":"EntryPoint","urlTemplate":"https:\/\/aquataide.es\/?s={search_term_string}"},"query-input":"required name=search_term_string"}],"inLanguage":"en-GB"},{"@type":"Organization","@id":"https:\/\/aquataide.es\/#organization","name":"Aquataide","url":"https:\/\/aquataide.es\/","logo":{"@type":"ImageObject","inLanguage":"en-GB","@id":"https:\/\/aquataide.es\/#\/schema\/logo\/image\/","url":"http:\/\/aquataide.es\/wp-content\/uploads\/2023\/12\/aquataide-retina-2.png","contentUrl":"http:\/\/aquataide.es\/wp-content\/uploads\/2023\/12\/aquataide-retina-2.png","width":210,"height":48,"caption":"Aquataide"},"image":{"@id":"https:\/\/aquataide.es\/#\/schema\/logo\/image\/"}}]}},"_links":{"self":[{"href":"https:\/\/aquataide.es\/en\/wp-json\/wp\/v2\/pages\/8","targetHints":{"allow":["GET"]}}],"collection":[{"href":"https:\/\/aquataide.es\/en\/wp-json\/wp\/v2\/pages"}],"about":[{"href":"https:\/\/aquataide.es\/en\/wp-json\/wp\/v2\/types\/page"}],"author":[{"embeddable":true,"href":"https:\/\/aquataide.es\/en\/wp-json\/wp\/v2\/users\/1"}],"replies":[{"embeddable":true,"href":"https:\/\/aquataide.es\/en\/wp-json\/wp\/v2\/comments?post=8"}],"version-history":[{"count":14,"href":"https:\/\/aquataide.es\/en\/wp-json\/wp\/v2\/pages\/8\/revisions"}],"predecessor-version":[{"id":6412,"href":"https:\/\/aquataide.es\/en\/wp-json\/wp\/v2\/pages\/8\/revisions\/6412"}],"wp:attachment":[{"href":"https:\/\/aquataide.es\/en\/wp-json\/wp\/v2\/media?parent=8"}],"curies":[{"name":"wp","href":"https:\/\/api.w.org\/{rel}","templated":true}]}}