{"id":6433,"date":"2024-01-09T10:31:28","date_gmt":"2024-01-09T10:31:28","guid":{"rendered":"https:\/\/aquataide.es\/?page_id=6433"},"modified":"2024-01-09T10:49:27","modified_gmt":"2024-01-09T10:49:27","slug":"financiado-por-la-union-europea-next-generation-eu","status":"publish","type":"page","link":"https:\/\/aquataide.es\/en\/financiado-por-la-union-europea-next-generation-eu","title":{"rendered":"Financiado por la Uni\u00f3n Europea -Next Generation EU"},"content":{"rendered":"<div id=\"fws_69e7ce578510a\"  data-column-margin=\"default\" data-midnight=\"dark\"  class=\"wpb_row vc_row-fluid vc_row\"  style=\"padding-top: 0px; padding-bottom: 0px; \"><div class=\"row-bg-wrap\" data-bg-animation=\"none\" data-bg-animation-delay=\"\" data-bg-overlay=\"false\"><div class=\"inner-wrap row-bg-layer\" ><div class=\"row-bg viewport-desktop\"  style=\"\"><\/div><\/div><\/div><div class=\"row_col_wrap_12 col span_12 dark left\">\n\t<div  class=\"vc_col-sm-12 wpb_column column_container vc_column_container col no-extra-padding inherit_tablet inherit_phone\"  data-padding-pos=\"all\" data-has-bg-color=\"false\" data-bg-color=\"\" data-bg-opacity=\"1\" data-animation=\"\" data-delay=\"0\" >\n\t\t<div class=\"vc_column-inner\" >\n\t\t\t<div class=\"wpb_wrapper\">\n\t\t\t\t<div class=\"nectar-text-inline-images nectar-link-underline-effect nectar-text-inline-images--animation_none\"><div class=\"nectar-text-inline-images__inner\">\n<h2 class=\"elementor-heading-title elementor-size-default\" style=\"text-align: center\">Financiado por la Uni\u00f3n Europea -Next Generation EU<\/h2>\n<\/div><\/div>\n\t\t\t<\/div> \n\t\t<\/div>\n\t<\/div> \n<\/div><\/div>\n\t\t<div id=\"fws_69e7ce5785a1c\"  data-column-margin=\"default\" data-midnight=\"dark\"  class=\"wpb_row vc_row-fluid vc_row\"  style=\"padding-top: 0px; padding-bottom: 0px; \"><div class=\"row-bg-wrap\" data-bg-animation=\"none\" data-bg-animation-delay=\"\" data-bg-overlay=\"false\"><div class=\"inner-wrap row-bg-layer\" ><div class=\"row-bg viewport-desktop\"  style=\"\"><\/div><\/div><\/div><div class=\"row_col_wrap_12 col span_12 dark left\">\n\t<div  class=\"vc_col-sm-6 wpb_column column_container vc_column_container col no-extra-padding inherit_tablet inherit_phone\"  data-padding-pos=\"left\" data-has-bg-color=\"false\" data-bg-color=\"\" data-bg-opacity=\"1\" data-animation=\"\" data-delay=\"0\" >\n\t\t<div class=\"vc_column-inner\" >\n\t\t\t<div class=\"wpb_wrapper\">\n\t\t\t\t<div class=\"img-with-aniamtion-wrap center\" data-max-width=\"100%\" data-max-width-mobile=\"default\" data-shadow=\"none\" data-animation=\"none\" >\n      <div class=\"inner\">\n        <div class=\"hover-wrap\"> \n          <div class=\"hover-wrap-inner\">\n            <img loading=\"lazy\" decoding=\"async\" class=\"img-with-animation skip-lazy\" data-delay=\"0\" height=\"141\" width=\"250\" data-animation=\"none\" src=\"https:\/\/aquataide.es\/wp-content\/uploads\/2024\/01\/ge-250x141-1.png\" alt=\"\" srcset=\"https:\/\/aquataide.es\/wp-content\/uploads\/2024\/01\/ge-250x141-1.png 250w, https:\/\/aquataide.es\/wp-content\/uploads\/2024\/01\/ge-250x141-1-18x10.png 18w\" sizes=\"auto, (max-width: 250px) 100vw, 250px\" \/>\n          <\/div>\n        <\/div>\n      <\/div>\n    <\/div>\n\t\t\t<\/div> \n\t\t<\/div>\n\t<\/div> \n\n\t<div  class=\"vc_col-sm-6 wpb_column column_container vc_column_container col no-extra-padding inherit_tablet inherit_phone\"  data-padding-pos=\"all\" data-has-bg-color=\"false\" data-bg-color=\"\" data-bg-opacity=\"1\" data-animation=\"\" data-delay=\"0\" >\n\t\t<div class=\"vc_column-inner\" >\n\t\t\t<div class=\"wpb_wrapper\">\n\t\t\t\t<div class=\"img-with-aniamtion-wrap center\" data-max-width=\"100%\" data-max-width-mobile=\"default\" data-shadow=\"none\" data-animation=\"none\" >\n      <div class=\"inner\">\n        <div class=\"hover-wrap\"> \n          <div class=\"hover-wrap-inner\">\n            <img loading=\"lazy\" decoding=\"async\" class=\"img-with-animation skip-lazy\" data-delay=\"0\" height=\"141\" width=\"250\" data-animation=\"none\" src=\"https:\/\/aquataide.es\/wp-content\/uploads\/2024\/01\/ue-250x141-1.png\" alt=\"\" srcset=\"https:\/\/aquataide.es\/wp-content\/uploads\/2024\/01\/ue-250x141-1.png 250w, https:\/\/aquataide.es\/wp-content\/uploads\/2024\/01\/ue-250x141-1-18x10.png 18w\" sizes=\"auto, (max-width: 250px) 100vw, 250px\" \/>\n          <\/div>\n        <\/div>\n      <\/div>\n    <\/div>\n\t\t\t<\/div> \n\t\t<\/div>\n\t<\/div> \n<\/div><\/div>\n\t\t<div id=\"fws_69e7ce5787291\"  data-column-margin=\"default\" data-midnight=\"dark\"  class=\"wpb_row vc_row-fluid vc_row\"  style=\"padding-top: 0px; padding-bottom: 0px; \"><div class=\"row-bg-wrap\" data-bg-animation=\"none\" data-bg-animation-delay=\"\" data-bg-overlay=\"false\"><div class=\"inner-wrap row-bg-layer\" ><div class=\"row-bg viewport-desktop\"  style=\"\"><\/div><\/div><\/div><div class=\"row_col_wrap_12 col span_12 dark left\">\n\t<div  class=\"vc_col-sm-12 wpb_column column_container vc_column_container col no-extra-padding inherit_tablet inherit_phone\"  data-padding-pos=\"all\" data-has-bg-color=\"false\" data-bg-color=\"\" data-bg-opacity=\"1\" data-animation=\"\" data-delay=\"0\" >\n\t\t<div class=\"vc_column-inner\" >\n\t\t\t<div class=\"wpb_wrapper\">\n\t\t\t\t\n<div class=\"wpb_text_column wpb_content_element\" >\n\t<div class=\"wpb_wrapper\">\n\t\t<p style=\"text-align: center;\">\u00abFinanciado por la Uni\u00f3n Europea \u2013 Next Generation EU. Sin embargo, los puntos de vista y las opiniones expresadas son \u00fanicamente los del autor o autores y no reflejan necesariamente los de la Uni\u00f3n Europea o la Comisi\u00f3n Europea. Ni la Uni\u00f3n Europea ni la Comisi\u00f3n Europea pueden ser consideradas responsables de las mismas\u00bb<\/p>\n<p>&nbsp;<\/p>\n\t<\/div>\n<\/div>\n\n\n\n\n\t\t\t<\/div> \n\t\t<\/div>\n\t<\/div> \n<\/div><\/div>\n\t\t<div id=\"fws_69e7ce57875c7\"  data-column-margin=\"default\" data-midnight=\"dark\"  class=\"wpb_row vc_row-fluid vc_row\"  style=\"padding-top: 0px; padding-bottom: 0px; \"><div class=\"row-bg-wrap\" data-bg-animation=\"none\" data-bg-animation-delay=\"\" data-bg-overlay=\"false\"><div class=\"inner-wrap row-bg-layer\" ><div class=\"row-bg viewport-desktop\"  style=\"\"><\/div><\/div><\/div><div class=\"row_col_wrap_12 col span_12 dark left\">\n\t<div  class=\"vc_col-sm-12 wpb_column column_container vc_column_container col no-extra-padding inherit_tablet inherit_phone\"  data-padding-pos=\"all\" data-has-bg-color=\"false\" data-bg-color=\"\" data-bg-opacity=\"1\" data-animation=\"\" data-delay=\"0\" >\n\t\t<div class=\"vc_column-inner\" >\n\t\t\t<div class=\"wpb_wrapper\">\n\t\t\t\t\n\t\t\t<\/div> \n\t\t<\/div>\n\t<\/div> \n\n\t<div  class=\"vc_col-sm-12 wpb_column column_container vc_column_container col no-extra-padding inherit_tablet inherit_phone\"  data-padding-pos=\"all\" data-has-bg-color=\"false\" data-bg-color=\"\" data-bg-opacity=\"1\" data-animation=\"\" data-delay=\"0\" >\n\t\t<div class=\"vc_column-inner\" >\n\t\t\t<div class=\"wpb_wrapper\">\n\t\t\t\t\n\t\t\t<\/div> \n\t\t<\/div>\n\t<\/div> \n<\/div><\/div>","protected":false},"excerpt":{"rendered":"Financiado por la Uni\u00f3n Europea -Next Generation EU \u00abFinanciado por la Uni\u00f3n Europea \u2013 Next...","protected":false},"author":1,"featured_media":0,"parent":0,"menu_order":0,"comment_status":"closed","ping_status":"closed","template":"","meta":{"footnotes":""},"class_list":["post-6433","page","type-page","status-publish"],"yoast_head":"<!-- This site is optimized with the Yoast SEO plugin v22.8 - https:\/\/yoast.com\/wordpress\/plugins\/seo\/ -->\n<title>Financiado por la Uni\u00f3n Europea -Next Generation EU - Aquataide<\/title>\n<meta name=\"robots\" content=\"index, follow, max-snippet:-1, max-image-preview:large, max-video-preview:-1\" \/>\n<link rel=\"canonical\" href=\"https:\/\/aquataide.es\/en\/financiado-por-la-union-europea-next-generation-eu\/\" \/>\n<meta property=\"og:locale\" content=\"en_GB\" \/>\n<meta property=\"og:type\" content=\"article\" \/>\n<meta property=\"og:title\" content=\"Financiado por la Uni\u00f3n Europea -Next Generation EU - Aquataide\" \/>\n<meta property=\"og:url\" content=\"https:\/\/aquataide.es\/en\/financiado-por-la-union-europea-next-generation-eu\/\" \/>\n<meta property=\"og:site_name\" content=\"Aquataide\" \/>\n<meta property=\"article:modified_time\" content=\"2024-01-09T10:49:27+00:00\" \/>\n<meta name=\"twitter:card\" content=\"summary_large_image\" \/>\n<meta name=\"twitter:label1\" content=\"Estimated reading time\" \/>\n\t<meta name=\"twitter:data1\" content=\"2 minutes\" \/>\n<script type=\"application\/ld+json\" class=\"yoast-schema-graph\">{\"@context\":\"https:\/\/schema.org\",\"@graph\":[{\"@type\":\"WebPage\",\"@id\":\"https:\/\/aquataide.es\/financiado-por-la-union-europea-next-generation-eu\",\"url\":\"https:\/\/aquataide.es\/financiado-por-la-union-europea-next-generation-eu\",\"name\":\"Financiado por la Uni\u00f3n Europea -Next Generation EU - Aquataide\",\"isPartOf\":{\"@id\":\"https:\/\/aquataide.es\/#website\"},\"datePublished\":\"2024-01-09T10:31:28+00:00\",\"dateModified\":\"2024-01-09T10:49:27+00:00\",\"breadcrumb\":{\"@id\":\"https:\/\/aquataide.es\/financiado-por-la-union-europea-next-generation-eu#breadcrumb\"},\"inLanguage\":\"en-GB\",\"potentialAction\":[{\"@type\":\"ReadAction\",\"target\":[\"https:\/\/aquataide.es\/financiado-por-la-union-europea-next-generation-eu\"]}]},{\"@type\":\"BreadcrumbList\",\"@id\":\"https:\/\/aquataide.es\/financiado-por-la-union-europea-next-generation-eu#breadcrumb\",\"itemListElement\":[{\"@type\":\"ListItem\",\"position\":1,\"name\":\"Portada\",\"item\":\"https:\/\/aquataide.es\/\"},{\"@type\":\"ListItem\",\"position\":2,\"name\":\"Financiado por la Uni\u00f3n Europea -Next Generation EU\"}]},{\"@type\":\"WebSite\",\"@id\":\"https:\/\/aquataide.es\/#website\",\"url\":\"https:\/\/aquataide.es\/\",\"name\":\"Aquataide\",\"description\":\"Tratamientos de agua\",\"publisher\":{\"@id\":\"https:\/\/aquataide.es\/#organization\"},\"potentialAction\":[{\"@type\":\"SearchAction\",\"target\":{\"@type\":\"EntryPoint\",\"urlTemplate\":\"https:\/\/aquataide.es\/?s={search_term_string}\"},\"query-input\":\"required name=search_term_string\"}],\"inLanguage\":\"en-GB\"},{\"@type\":\"Organization\",\"@id\":\"https:\/\/aquataide.es\/#organization\",\"name\":\"Aquataide\",\"url\":\"https:\/\/aquataide.es\/\",\"logo\":{\"@type\":\"ImageObject\",\"inLanguage\":\"en-GB\",\"@id\":\"https:\/\/aquataide.es\/#\/schema\/logo\/image\/\",\"url\":\"http:\/\/aquataide.es\/wp-content\/uploads\/2023\/12\/aquataide-retina-2.png\",\"contentUrl\":\"http:\/\/aquataide.es\/wp-content\/uploads\/2023\/12\/aquataide-retina-2.png\",\"width\":210,\"height\":48,\"caption\":\"Aquataide\"},\"image\":{\"@id\":\"https:\/\/aquataide.es\/#\/schema\/logo\/image\/\"}}]}<\/script>\n<!-- \/ Yoast SEO plugin. -->","yoast_head_json":{"title":"Financiado por la Uni\u00f3n Europea -Next Generation EU - Aquataide","robots":{"index":"index","follow":"follow","max-snippet":"max-snippet:-1","max-image-preview":"max-image-preview:large","max-video-preview":"max-video-preview:-1"},"canonical":"https:\/\/aquataide.es\/en\/financiado-por-la-union-europea-next-generation-eu\/","og_locale":"en_GB","og_type":"article","og_title":"Financiado por la Uni\u00f3n Europea -Next Generation EU - Aquataide","og_url":"https:\/\/aquataide.es\/en\/financiado-por-la-union-europea-next-generation-eu\/","og_site_name":"Aquataide","article_modified_time":"2024-01-09T10:49:27+00:00","twitter_card":"summary_large_image","twitter_misc":{"Estimated reading time":"2 minutes"},"schema":{"@context":"https:\/\/schema.org","@graph":[{"@type":"WebPage","@id":"https:\/\/aquataide.es\/financiado-por-la-union-europea-next-generation-eu","url":"https:\/\/aquataide.es\/financiado-por-la-union-europea-next-generation-eu","name":"Financiado por la Uni\u00f3n Europea -Next Generation EU - Aquataide","isPartOf":{"@id":"https:\/\/aquataide.es\/#website"},"datePublished":"2024-01-09T10:31:28+00:00","dateModified":"2024-01-09T10:49:27+00:00","breadcrumb":{"@id":"https:\/\/aquataide.es\/financiado-por-la-union-europea-next-generation-eu#breadcrumb"},"inLanguage":"en-GB","potentialAction":[{"@type":"ReadAction","target":["https:\/\/aquataide.es\/financiado-por-la-union-europea-next-generation-eu"]}]},{"@type":"BreadcrumbList","@id":"https:\/\/aquataide.es\/financiado-por-la-union-europea-next-generation-eu#breadcrumb","itemListElement":[{"@type":"ListItem","position":1,"name":"Portada","item":"https:\/\/aquataide.es\/"},{"@type":"ListItem","position":2,"name":"Financiado por la Uni\u00f3n Europea -Next Generation EU"}]},{"@type":"WebSite","@id":"https:\/\/aquataide.es\/#website","url":"https:\/\/aquataide.es\/","name":"Aquataide","description":"Tratamientos de agua","publisher":{"@id":"https:\/\/aquataide.es\/#organization"},"potentialAction":[{"@type":"SearchAction","target":{"@type":"EntryPoint","urlTemplate":"https:\/\/aquataide.es\/?s={search_term_string}"},"query-input":"required name=search_term_string"}],"inLanguage":"en-GB"},{"@type":"Organization","@id":"https:\/\/aquataide.es\/#organization","name":"Aquataide","url":"https:\/\/aquataide.es\/","logo":{"@type":"ImageObject","inLanguage":"en-GB","@id":"https:\/\/aquataide.es\/#\/schema\/logo\/image\/","url":"http:\/\/aquataide.es\/wp-content\/uploads\/2023\/12\/aquataide-retina-2.png","contentUrl":"http:\/\/aquataide.es\/wp-content\/uploads\/2023\/12\/aquataide-retina-2.png","width":210,"height":48,"caption":"Aquataide"},"image":{"@id":"https:\/\/aquataide.es\/#\/schema\/logo\/image\/"}}]}},"_links":{"self":[{"href":"https:\/\/aquataide.es\/en\/wp-json\/wp\/v2\/pages\/6433","targetHints":{"allow":["GET"]}}],"collection":[{"href":"https:\/\/aquataide.es\/en\/wp-json\/wp\/v2\/pages"}],"about":[{"href":"https:\/\/aquataide.es\/en\/wp-json\/wp\/v2\/types\/page"}],"author":[{"embeddable":true,"href":"https:\/\/aquataide.es\/en\/wp-json\/wp\/v2\/users\/1"}],"replies":[{"embeddable":true,"href":"https:\/\/aquataide.es\/en\/wp-json\/wp\/v2\/comments?post=6433"}],"version-history":[{"count":9,"href":"https:\/\/aquataide.es\/en\/wp-json\/wp\/v2\/pages\/6433\/revisions"}],"predecessor-version":[{"id":6444,"href":"https:\/\/aquataide.es\/en\/wp-json\/wp\/v2\/pages\/6433\/revisions\/6444"}],"wp:attachment":[{"href":"https:\/\/aquataide.es\/en\/wp-json\/wp\/v2\/media?parent=6433"}],"curies":[{"name":"wp","href":"https:\/\/api.w.org\/{rel}","templated":true}]}}