{"id":6322,"date":"2023-12-27T11:09:56","date_gmt":"2023-12-27T11:09:56","guid":{"rendered":"http:\/\/aquataide.es\/?page_id=6322"},"modified":"2024-01-05T15:13:09","modified_gmt":"2024-01-05T15:13:09","slug":"depositos-grupos-de-presion","status":"publish","type":"page","link":"https:\/\/aquataide.es\/en\/depositos-grupos-de-presion","title":{"rendered":"Dep\u00f3sitos y Grupos de Presi\u00f3n"},"content":{"rendered":"<div id=\"fws_69e19b246851e\"  data-column-margin=\"default\" data-midnight=\"light\"  class=\"wpb_row vc_row-fluid vc_row full-width-section parallax_section\"  style=\"padding-top: 100px; padding-bottom: 100px; \"><div class=\"row-bg-wrap\" data-bg-animation=\"none\" data-bg-animation-delay=\"\" data-bg-overlay=\"true\"><div class=\"inner-wrap row-bg-layer using-image\" ><div class=\"row-bg viewport-desktop using-image using-bg-color\" data-parallax-speed=\"fast\" style=\"background-image: url(https:\/\/aquataide.es\/wp-content\/uploads\/2023\/12\/banner-tratamientos-domesticos.jpg); background-position: left top; background-repeat: no-repeat; background-color: #333333; \"><\/div><\/div><div class=\"row-bg-overlay row-bg-layer\" style=\"background-color:#31aea0;  opacity: 0.5; \"><\/div><\/div>\n\t\t\t<div class=\"video-color-overlay row-bg-layer\" data-color=\"\"><\/div>\n\t\t\t\n\t\t\t<div class=\"nectar-video-wrap row-bg-layer\" data-bg-alignment=\"left top\">\n\t\t\t\t<div class=\"nectar-video-inner\">\n\t\t\t\t<video class=\"nectar-video-bg\" width=\"1800\" height=\"700\" preload=\"auto\" loop autoplay muted playsinline><\/video>    \t\t<\/div>\n\t\t\t <\/div>\n\n\t\t\t<div class=\"row_col_wrap_12 col span_12 light left\">\n\t<div  class=\"vc_col-sm-6 wpb_column column_container vc_column_container col no-extra-padding inherit_tablet inherit_phone\"  data-padding-pos=\"all\" data-has-bg-color=\"false\" data-bg-color=\"\" data-bg-opacity=\"1\" data-animation=\"\" data-delay=\"0\" >\n\t\t<div class=\"vc_column-inner\" >\n\t\t\t<div class=\"wpb_wrapper\">\n\t\t\t\t<h2 style=\"color: #ffffff;text-align: left\" class=\"vc_custom_heading wpb_animate_when_almost_visible wpb_fadeInUp fadeInUp\" >Dep\u00f3sitos|grupos de presi\u00f3n<\/h2>\n\t\t\t<\/div> \n\t\t<\/div>\n\t<\/div> \n<\/div><\/div>\n\t\t<div id=\"fws_69e19b246907f\"  data-column-margin=\"default\" data-midnight=\"dark\"  class=\"wpb_row vc_row-fluid vc_row full-width-content vc_row-o-full-height vc_row-o-columns-stretch vc_row-o-equal-height vc_row-flex vc_row-o-content-middle\"  style=\"padding-top: 0px; padding-bottom: 0px; \"><div class=\"row-bg-wrap\" data-bg-animation=\"none\" data-bg-animation-delay=\"\" data-bg-overlay=\"false\"><div class=\"inner-wrap row-bg-layer\" ><div class=\"row-bg viewport-desktop\"  style=\"\"><\/div><\/div><\/div><div class=\"row_col_wrap_12 col span_12 dark left\">\n\t<div style=\"\" class=\"vc_col-sm-6 wpb_column column_container vc_column_container col no-extra-padding inherit_tablet inherit_phone\" data-using-bg=\"true\" data-bg-cover=\"true\" data-padding-pos=\"all\" data-has-bg-color=\"false\" data-bg-color=\"\" data-bg-opacity=\"1\" data-animation=\"\" data-delay=\"0\" >\n\t\t<div class=\"vc_column-inner\" ><div class=\"column-image-bg-wrap column-bg-layer viewport-desktop\" data-bg-pos=\"center center\" data-bg-animation=\"none\" data-bg-overlay=\"false\"><div class=\"inner-wrap\"><div class=\"column-image-bg\" style=\" background-image: url('https:\/\/aquataide.es\/wp-content\/uploads\/2023\/12\/grupos-de-presion-2.jpg'); \"><\/div><\/div><\/div>\n\t\t\t<div class=\"wpb_wrapper\">\n\t\t\t\t<div class=\"divider-wrap\" data-alignment=\"default\"><div style=\"height: 500px;\" class=\"divider\"><\/div><\/div>\n\t\t\t<\/div> \n\t\t<\/div>\n\t<\/div> \n\n\t<div style=\"\" class=\"vc_col-sm-6 wpb_column column_container vc_column_container col padding-8-percent inherit_tablet inherit_phone\" data-using-bg=\"true\" data-padding-pos=\"all\" data-has-bg-color=\"true\" data-bg-color=\"#ffffff\" data-bg-opacity=\"1\" data-animation=\"\" data-delay=\"0\" >\n\t\t<div class=\"vc_column-inner\" ><div class=\"column-bg-overlay-wrap column-bg-layer\" data-bg-animation=\"none\"><div class=\"column-bg-overlay\" style=\"opacity: 1; background-color: #ffffff;\"><\/div><\/div>\n\t\t\t<div class=\"wpb_wrapper\">\n\t\t\t\t\n<div class=\"nectar-animated-title\" data-style=\"color-strip-reveal\" data-color=\"accent-color\">\n\t<div class=\"nectar-animated-title-outer\">\n\t\t<div class=\"nectar-animated-title-inner\">\n\t\t\t<div class=\"wrap\"><h5 style=\"color: #ffffff;\">Dep\u00f3sitos y grupos de presi\u00f3n<\/h5><\/div>\n\t\t<\/div>\n\t<\/div>\n<\/div><h2 style=\"font-size: 42px;line-height: 52px;text-align: left\" class=\"vc_custom_heading\" >Variedad y Eficiencia<\/h2>\n<div class=\"wpb_text_column wpb_content_element  vc_custom_1703676394746\" >\n\t<div class=\"wpb_wrapper\">\n\t\t<p>Fabricados en polietileno de alta densidad, disponemos de <strong>gama completa y homologada<\/strong> de a\u00e9reos y enterrados, desde 230 hasta m\u00e1s de 50.000 litros, junto a filtros y accesorios.<\/p>\n<ul>\n<li>Pigmentados para evitar la formaci\u00f3n de algas en su interior.<\/li>\n<li>Protegidos contra la radiaci\u00f3n solar.<\/li>\n<li>Formatos de superficie circular, vertical y rectangular.<\/li>\n<li>Enterrador de simple y de doble pared.<\/li>\n<\/ul>\n\t<\/div>\n<\/div>\n\n\n\n\n\t\t\t<\/div> \n\t\t<\/div>\n\t<\/div> \n<\/div><\/div>\n\t\t<div id=\"fws_69e19b2469ed1\"  data-column-margin=\"default\" data-midnight=\"light\"  class=\"wpb_row vc_row-fluid vc_row full-width-section vc_row-o-equal-height vc_row-flex vc_row-o-content-middle\"  style=\"padding-top: 80px; padding-bottom: 80px; \"><div class=\"row-bg-wrap\" data-bg-animation=\"none\" data-bg-animation-delay=\"\" data-bg-overlay=\"true\"><div class=\"inner-wrap row-bg-layer using-image\" ><div class=\"row-bg viewport-desktop using-image using-bg-color\"  style=\"background-image: url(https:\/\/themenectar.com\/img\/demo-media\/unsplash\/webp\/large-mountain.webp); background-position: center center; background-repeat: no-repeat; background-color: #ffffff; \"><\/div><\/div><div class=\"row-bg-overlay row-bg-layer\" style=\"background-color:#31aea0;  opacity: 0.95; \"><\/div><\/div><div class=\"row_col_wrap_12 col span_12 light left\">\n\t<div  class=\"vc_col-sm-5 wpb_column column_container vc_column_container col no-extra-padding force-tablet-text-align-center force-phone-text-align-center inherit_tablet inherit_phone\"  data-padding-pos=\"all\" data-has-bg-color=\"false\" data-bg-color=\"\" data-bg-opacity=\"1\" data-animation=\"\" data-delay=\"0\" >\n\t\t<div class=\"vc_column-inner\" >\n\t\t\t<div class=\"wpb_wrapper\">\n\t\t\t\t<div class=\"nectar-highlighted-text\" data-style=\"half_text\" data-exp=\"default\" data-using-custom-color=\"true\" data-animation-delay=\"false\" data-color=\"#ff1053\" data-color-gradient=\"\" style=\"\"><h2>\u00bfNecesitas m\u00e1s informaci\u00f3n?<\/h2>\n<\/div>\n<div class=\"wpb_text_column wpb_content_element  vc_custom_1703671994350\" >\n\t<div class=\"wpb_wrapper\">\n\t\t<p>No dudes en contactar con nosotros.<\/p>\n\t<\/div>\n<\/div>\n\n\n\n\n\t\t\t<\/div> \n\t\t<\/div>\n\t<\/div> \n\n\t<div  class=\"vc_col-sm-1 wpb_column column_container vc_column_container col no-extra-padding force-tablet-text-align-center force-phone-text-align-center inherit_tablet inherit_phone\"  data-padding-pos=\"all\" data-has-bg-color=\"false\" data-bg-color=\"\" data-bg-opacity=\"1\" data-animation=\"\" data-delay=\"0\" >\n\t\t<div class=\"vc_column-inner\" >\n\t\t\t<div class=\"wpb_wrapper\">\n\t\t\t\t\n\t\t\t<\/div> \n\t\t<\/div>\n\t<\/div> \n\n\t<div  class=\"vc_col-sm-6 wpb_column column_container vc_column_container col no-extra-padding force-tablet-text-align-center force-phone-text-align-center inherit_tablet inherit_phone\"  data-padding-pos=\"all\" data-has-bg-color=\"false\" data-bg-color=\"\" data-bg-opacity=\"1\" data-animation=\"\" data-delay=\"0\" >\n\t\t<div class=\"vc_column-inner\" >\n\t\t\t<div class=\"wpb_wrapper\">\n\t\t\t\t<div id=\"fws_69e19b246a494\" data-midnight=\"\" data-column-margin=\"default\" class=\"wpb_row vc_row-fluid vc_row inner_row\"  style=\"\"><div class=\"row-bg-wrap\"> <div class=\"row-bg\" ><\/div> <\/div><div class=\"row_col_wrap_12_inner col span_12  right\">\n\t<div  class=\"vc_col-sm-12 wpb_column column_container vc_column_container col child_column no-extra-padding inherit_tablet inherit_phone\"   data-padding-pos=\"all\" data-has-bg-color=\"false\" data-bg-color=\"\" data-bg-opacity=\"1\" data-animation=\"\" data-delay=\"0\" >\n\t\t<div class=\"vc_column-inner\" >\n\t\t<div class=\"wpb_wrapper\">\n\t\t\t<a class=\"nectar-button jumbo see-through-2  has-icon\"  role=\"button\" style=\"border-color: #ffffff; color: #ffffff;\"  href=\"https:\/\/aquataide.es\/en\/contacto\/\" data-color-override=\"#ffffff\"  data-hover-color-override=\"#ffffff\" data-hover-text-color-override=\"#000000\"><span>Contacto<\/span><i  class=\"icon-button-arrow\"><\/i><\/a>\n\t\t<\/div> \n\t<\/div>\n\t<\/div> \n<\/div><\/div>\n\t\t\t<\/div> \n\t\t<\/div>\n\t<\/div> \n<\/div><\/div>","protected":false},"excerpt":{"rendered":"Dep\u00f3sitos|grupos de presi\u00f3n Dep\u00f3sitos y grupos de presi\u00f3n Variedad y Eficiencia Fabricados en polietileno de...","protected":false},"author":1,"featured_media":0,"parent":0,"menu_order":0,"comment_status":"closed","ping_status":"closed","template":"","meta":{"footnotes":""},"class_list":["post-6322","page","type-page","status-publish"],"yoast_head":"<!-- This site is optimized with the Yoast SEO plugin v22.8 - https:\/\/yoast.com\/wordpress\/plugins\/seo\/ -->\n<title>Dep\u00f3sitos y Grupos de Presi\u00f3n - Aquataide<\/title>\n<meta name=\"description\" content=\"Tratamiento dom\u00e9stico de dep\u00f3sitos y grupos de presi\u00f3n, fabricados en polietileno de alta densidad, disponemos de gama completa y homologada.\" \/>\n<meta name=\"robots\" content=\"index, follow, max-snippet:-1, max-image-preview:large, max-video-preview:-1\" \/>\n<link rel=\"canonical\" href=\"https:\/\/aquataide.es\/en\/depositos-grupos-de-presion\/\" \/>\n<meta property=\"og:locale\" content=\"en_GB\" \/>\n<meta property=\"og:type\" content=\"article\" \/>\n<meta property=\"og:title\" content=\"Dep\u00f3sitos y Grupos de Presi\u00f3n - Aquataide\" \/>\n<meta property=\"og:description\" content=\"Tratamiento dom\u00e9stico de dep\u00f3sitos y grupos de presi\u00f3n, fabricados en polietileno de alta densidad, disponemos de gama completa y homologada.\" \/>\n<meta property=\"og:url\" content=\"https:\/\/aquataide.es\/en\/depositos-grupos-de-presion\/\" \/>\n<meta property=\"og:site_name\" content=\"Aquataide\" \/>\n<meta property=\"article:modified_time\" content=\"2024-01-05T15:13:09+00:00\" \/>\n<meta name=\"twitter:card\" content=\"summary_large_image\" \/>\n<meta name=\"twitter:label1\" content=\"Estimated reading time\" \/>\n\t<meta name=\"twitter:data1\" content=\"2 minutes\" \/>\n<script type=\"application\/ld+json\" class=\"yoast-schema-graph\">{\"@context\":\"https:\/\/schema.org\",\"@graph\":[{\"@type\":\"WebPage\",\"@id\":\"https:\/\/aquataide.es\/depositos-grupos-de-presion\",\"url\":\"https:\/\/aquataide.es\/depositos-grupos-de-presion\",\"name\":\"Dep\u00f3sitos y Grupos de Presi\u00f3n - Aquataide\",\"isPartOf\":{\"@id\":\"https:\/\/aquataide.es\/#website\"},\"datePublished\":\"2023-12-27T11:09:56+00:00\",\"dateModified\":\"2024-01-05T15:13:09+00:00\",\"description\":\"Tratamiento dom\u00e9stico de dep\u00f3sitos y grupos de presi\u00f3n, fabricados en polietileno de alta densidad, disponemos de gama completa y homologada.\",\"breadcrumb\":{\"@id\":\"https:\/\/aquataide.es\/depositos-grupos-de-presion#breadcrumb\"},\"inLanguage\":\"en-GB\",\"potentialAction\":[{\"@type\":\"ReadAction\",\"target\":[\"https:\/\/aquataide.es\/depositos-grupos-de-presion\"]}]},{\"@type\":\"BreadcrumbList\",\"@id\":\"https:\/\/aquataide.es\/depositos-grupos-de-presion#breadcrumb\",\"itemListElement\":[{\"@type\":\"ListItem\",\"position\":1,\"name\":\"Portada\",\"item\":\"https:\/\/aquataide.es\/\"},{\"@type\":\"ListItem\",\"position\":2,\"name\":\"Dep\u00f3sitos y Grupos de Presi\u00f3n\"}]},{\"@type\":\"WebSite\",\"@id\":\"https:\/\/aquataide.es\/#website\",\"url\":\"https:\/\/aquataide.es\/\",\"name\":\"Aquataide\",\"description\":\"Tratamientos de agua\",\"publisher\":{\"@id\":\"https:\/\/aquataide.es\/#organization\"},\"potentialAction\":[{\"@type\":\"SearchAction\",\"target\":{\"@type\":\"EntryPoint\",\"urlTemplate\":\"https:\/\/aquataide.es\/?s={search_term_string}\"},\"query-input\":\"required name=search_term_string\"}],\"inLanguage\":\"en-GB\"},{\"@type\":\"Organization\",\"@id\":\"https:\/\/aquataide.es\/#organization\",\"name\":\"Aquataide\",\"url\":\"https:\/\/aquataide.es\/\",\"logo\":{\"@type\":\"ImageObject\",\"inLanguage\":\"en-GB\",\"@id\":\"https:\/\/aquataide.es\/#\/schema\/logo\/image\/\",\"url\":\"http:\/\/aquataide.es\/wp-content\/uploads\/2023\/12\/aquataide-retina-2.png\",\"contentUrl\":\"http:\/\/aquataide.es\/wp-content\/uploads\/2023\/12\/aquataide-retina-2.png\",\"width\":210,\"height\":48,\"caption\":\"Aquataide\"},\"image\":{\"@id\":\"https:\/\/aquataide.es\/#\/schema\/logo\/image\/\"}}]}<\/script>\n<!-- \/ Yoast SEO plugin. -->","yoast_head_json":{"title":"Dep\u00f3sitos y Grupos de Presi\u00f3n - Aquataide","description":"Tratamiento dom\u00e9stico de dep\u00f3sitos y grupos de presi\u00f3n, fabricados en polietileno de alta densidad, disponemos de gama completa y homologada.","robots":{"index":"index","follow":"follow","max-snippet":"max-snippet:-1","max-image-preview":"max-image-preview:large","max-video-preview":"max-video-preview:-1"},"canonical":"https:\/\/aquataide.es\/en\/depositos-grupos-de-presion\/","og_locale":"en_GB","og_type":"article","og_title":"Dep\u00f3sitos y Grupos de Presi\u00f3n - Aquataide","og_description":"Tratamiento dom\u00e9stico de dep\u00f3sitos y grupos de presi\u00f3n, fabricados en polietileno de alta densidad, disponemos de gama completa y homologada.","og_url":"https:\/\/aquataide.es\/en\/depositos-grupos-de-presion\/","og_site_name":"Aquataide","article_modified_time":"2024-01-05T15:13:09+00:00","twitter_card":"summary_large_image","twitter_misc":{"Estimated reading time":"2 minutes"},"schema":{"@context":"https:\/\/schema.org","@graph":[{"@type":"WebPage","@id":"https:\/\/aquataide.es\/depositos-grupos-de-presion","url":"https:\/\/aquataide.es\/depositos-grupos-de-presion","name":"Dep\u00f3sitos y Grupos de Presi\u00f3n - Aquataide","isPartOf":{"@id":"https:\/\/aquataide.es\/#website"},"datePublished":"2023-12-27T11:09:56+00:00","dateModified":"2024-01-05T15:13:09+00:00","description":"Tratamiento dom\u00e9stico de dep\u00f3sitos y grupos de presi\u00f3n, fabricados en polietileno de alta densidad, disponemos de gama completa y homologada.","breadcrumb":{"@id":"https:\/\/aquataide.es\/depositos-grupos-de-presion#breadcrumb"},"inLanguage":"en-GB","potentialAction":[{"@type":"ReadAction","target":["https:\/\/aquataide.es\/depositos-grupos-de-presion"]}]},{"@type":"BreadcrumbList","@id":"https:\/\/aquataide.es\/depositos-grupos-de-presion#breadcrumb","itemListElement":[{"@type":"ListItem","position":1,"name":"Portada","item":"https:\/\/aquataide.es\/"},{"@type":"ListItem","position":2,"name":"Dep\u00f3sitos y Grupos de Presi\u00f3n"}]},{"@type":"WebSite","@id":"https:\/\/aquataide.es\/#website","url":"https:\/\/aquataide.es\/","name":"Aquataide","description":"Tratamientos de agua","publisher":{"@id":"https:\/\/aquataide.es\/#organization"},"potentialAction":[{"@type":"SearchAction","target":{"@type":"EntryPoint","urlTemplate":"https:\/\/aquataide.es\/?s={search_term_string}"},"query-input":"required name=search_term_string"}],"inLanguage":"en-GB"},{"@type":"Organization","@id":"https:\/\/aquataide.es\/#organization","name":"Aquataide","url":"https:\/\/aquataide.es\/","logo":{"@type":"ImageObject","inLanguage":"en-GB","@id":"https:\/\/aquataide.es\/#\/schema\/logo\/image\/","url":"http:\/\/aquataide.es\/wp-content\/uploads\/2023\/12\/aquataide-retina-2.png","contentUrl":"http:\/\/aquataide.es\/wp-content\/uploads\/2023\/12\/aquataide-retina-2.png","width":210,"height":48,"caption":"Aquataide"},"image":{"@id":"https:\/\/aquataide.es\/#\/schema\/logo\/image\/"}}]}},"_links":{"self":[{"href":"https:\/\/aquataide.es\/en\/wp-json\/wp\/v2\/pages\/6322","targetHints":{"allow":["GET"]}}],"collection":[{"href":"https:\/\/aquataide.es\/en\/wp-json\/wp\/v2\/pages"}],"about":[{"href":"https:\/\/aquataide.es\/en\/wp-json\/wp\/v2\/types\/page"}],"author":[{"embeddable":true,"href":"https:\/\/aquataide.es\/en\/wp-json\/wp\/v2\/users\/1"}],"replies":[{"embeddable":true,"href":"https:\/\/aquataide.es\/en\/wp-json\/wp\/v2\/comments?post=6322"}],"version-history":[{"count":5,"href":"https:\/\/aquataide.es\/en\/wp-json\/wp\/v2\/pages\/6322\/revisions"}],"predecessor-version":[{"id":6421,"href":"https:\/\/aquataide.es\/en\/wp-json\/wp\/v2\/pages\/6322\/revisions\/6421"}],"wp:attachment":[{"href":"https:\/\/aquataide.es\/en\/wp-json\/wp\/v2\/media?parent=6322"}],"curies":[{"name":"wp","href":"https:\/\/api.w.org\/{rel}","templated":true}]}}